{"id":20,"date":"2022-08-28T11:54:48","date_gmt":"2022-08-28T09:54:48","guid":{"rendered":"http:\/\/starstep\/?page_id=20"},"modified":"2022-09-12T13:19:45","modified_gmt":"2022-09-12T11:19:45","slug":"kontakt","status":"publish","type":"page","link":"https:\/\/www.starstep.cz\/?page_id=20","title":{"rendered":"Kontakt"},"content":{"rendered":"\n<p>Starstep<br>Jihlavsk\u00e1 br\u00e1na 8<br>T\u0159eb\u00ed\u010d<\/p>\n\n\n\n<p>Jana Fencak<br>janafencak@gmail.com<br>+420 724 592 203<br><\/p>\n\n\n\n<figure class=\"wp-block-image size-full\"><img loading=\"lazy\" decoding=\"async\" width=\"1024\" height=\"849\" src=\"https:\/\/www.starstep.cz\/wp-content\/uploads\/2022\/09\/TanecniSkola-dum.png\" alt=\"\" class=\"wp-image-250\" srcset=\"https:\/\/www.starstep.cz\/wp-content\/uploads\/2022\/09\/TanecniSkola-dum.png 1024w, https:\/\/www.starstep.cz\/wp-content\/uploads\/2022\/09\/TanecniSkola-dum-300x249.png 300w, https:\/\/www.starstep.cz\/wp-content\/uploads\/2022\/09\/TanecniSkola-dum-768x637.png 768w\" sizes=\"auto, (max-width: 1024px) 100vw, 1024px\" \/><figcaption>Jihlavsk\u00e1 br\u00e1na 8<\/figcaption><\/figure>\n\n\n\n<figure class=\"wp-block-image size-full\"><img loading=\"lazy\" decoding=\"async\" width=\"1024\" height=\"702\" src=\"https:\/\/www.starstep.cz\/wp-content\/uploads\/2022\/09\/TanecniSkola-vchod-1.png\" alt=\"\" class=\"wp-image-251\" srcset=\"https:\/\/www.starstep.cz\/wp-content\/uploads\/2022\/09\/TanecniSkola-vchod-1.png 1024w, https:\/\/www.starstep.cz\/wp-content\/uploads\/2022\/09\/TanecniSkola-vchod-1-300x206.png 300w, https:\/\/www.starstep.cz\/wp-content\/uploads\/2022\/09\/TanecniSkola-vchod-1-768x527.png 768w\" sizes=\"auto, (max-width: 1024px) 100vw, 1024px\" \/><figcaption>Vstup do \u0161koly<\/figcaption><\/figure>\n","protected":false},"excerpt":{"rendered":"<p>StarstepJihlavsk\u00e1 br\u00e1na 8T\u0159eb\u00ed\u010d Jana Fencakjanafencak@gmail.com+420 724 592 203<\/p>\n","protected":false},"author":1,"featured_media":0,"parent":0,"menu_order":0,"comment_status":"closed","ping_status":"closed","template":"","meta":{"footnotes":""},"class_list":["post-20","page","type-page","status-publish","hentry","entry"],"_links":{"self":[{"href":"https:\/\/www.starstep.cz\/index.php?rest_route=\/wp\/v2\/pages\/20","targetHints":{"allow":["GET"]}}],"collection":[{"href":"https:\/\/www.starstep.cz\/index.php?rest_route=\/wp\/v2\/pages"}],"about":[{"href":"https:\/\/www.starstep.cz\/index.php?rest_route=\/wp\/v2\/types\/page"}],"author":[{"embeddable":true,"href":"https:\/\/www.starstep.cz\/index.php?rest_route=\/wp\/v2\/users\/1"}],"replies":[{"embeddable":true,"href":"https:\/\/www.starstep.cz\/index.php?rest_route=%2Fwp%2Fv2%2Fcomments&post=20"}],"version-history":[{"count":2,"href":"https:\/\/www.starstep.cz\/index.php?rest_route=\/wp\/v2\/pages\/20\/revisions"}],"predecessor-version":[{"id":253,"href":"https:\/\/www.starstep.cz\/index.php?rest_route=\/wp\/v2\/pages\/20\/revisions\/253"}],"wp:attachment":[{"href":"https:\/\/www.starstep.cz\/index.php?rest_route=%2Fwp%2Fv2%2Fmedia&parent=20"}],"curies":[{"name":"wp","href":"https:\/\/api.w.org\/{rel}","templated":true}]}}