{"id":92,"date":"2026-02-25T15:26:03","date_gmt":"2026-02-25T14:26:03","guid":{"rendered":"http:\/\/starstep\/?page_id=92"},"modified":"2026-02-25T15:26:03","modified_gmt":"2026-02-25T14:26:03","slug":"skolni-tanecni-2022","status":"publish","type":"page","link":"https:\/\/www.starstep.cz\/?page_id=92","title":{"rendered":"\u0160koln\u00ed tane\u010dn\u00ed 2026"},"content":{"rendered":"\n<p>Tane\u010dn\u00ed \u0161kola Jany Fen\u010d\u00e1kov\u00e9 v\u00e1s srde\u010dn\u011b zve na \u0160koln\u00ed tane\u010dn\u00ed aneb kurz tance a spole\u010densk\u00e9ho chov\u00e1n\u00ed pro st\u0159edo\u0161kolskou ml\u00e1de\u017e. Kurzy za\u010d\u00ednaj\u00ed ve st\u0159edu 16. z\u00e1\u0159\u00ed 2026.<\/p>\n\n\n\n<p>M\u00edsto kon\u00e1n\u00ed: Velk\u00fd s\u00e1l v\u00edce\u00fa\u010delov\u00e9ho za\u0159\u00edzen\u00ed F\u00f3rum, Masarykovo n\u00e1m\u011bst\u00ed, T\u0159eb\u00ed\u010d.<\/p>\n\n\n\n<h2 class=\"wp-block-heading\">D\u016fle\u017eit\u00e9 term\u00edny:<\/h2>\n\n\n\n<figure class=\"wp-block-table is-style-stripes\"><table class=\"has-black-color has-text-color has-link-color\"><thead><tr><th class=\"has-text-align-right\" data-align=\"right\">Term\u00edn<\/th><th class=\"has-text-align-left\" data-align=\"left\">Lekce<\/th><\/tr><\/thead><tbody><tr><td class=\"has-text-align-right\" data-align=\"right\">16. 9,<\/td><td class=\"has-text-align-left\" data-align=\"left\">1. vyu\u010dovac\u00ed lekce<\/td><\/tr><tr><td class=\"has-text-align-right\" data-align=\"right\">23. 9.<\/td><td class=\"has-text-align-left\" data-align=\"left\">2. vyu\u010dovac\u00ed lekce<\/td><\/tr><tr><td class=\"has-text-align-right\" data-align=\"right\">30. 9.<\/td><td class=\"has-text-align-left\" data-align=\"left\">3. vyu\u010dovac\u00ed lekce<\/td><\/tr><tr><td class=\"has-text-align-right\" data-align=\"right\">7. 10.<\/td><td class=\"has-text-align-left\" data-align=\"left\">4. vyu\u010dovac\u00ed lekce<\/td><\/tr><tr><td class=\"has-text-align-right\" data-align=\"right\">14. 10.<\/td><td class=\"has-text-align-left\" data-align=\"left\">5. vyu\u010dovac\u00ed lekce<\/td><\/tr><tr><td class=\"has-text-align-right\" data-align=\"right\"><strong><mark style=\"background-color:rgba(0, 0, 0, 0)\" class=\"has-inline-color has-vivid-red-color\">2<\/mark><\/strong><mark style=\"background-color: rgba(0, 0, 0, 0);\" class=\"has-inline-color has-vivid-red-color\"><b>1<\/b><\/mark><mark style=\"background-color: rgba(0, 0, 0, 0);\" class=\"has-inline-color has-vivid-red-color\"><b>. 10.<\/b><\/mark><\/td><td class=\"has-text-align-left\" data-align=\"left\"><mark style=\"background-color:rgba(0, 0, 0, 0)\" class=\"has-inline-color has-vivid-red-color\"><strong>prodlou\u017een\u00e1<\/strong><\/mark><\/td><\/tr><tr><td class=\"has-text-align-right\" data-align=\"right\">4. 11.<\/td><td class=\"has-text-align-left\" data-align=\"left\">6. vyu\u010dovac\u00ed lekce<\/td><\/tr><tr><td class=\"has-text-align-right\" data-align=\"right\">11. 11.<\/td><td class=\"has-text-align-left\" data-align=\"left\">7. vyu\u010dovac\u00ed lekce<\/td><\/tr><tr><td class=\"has-text-align-right\" data-align=\"right\">18. 11.<\/td><td class=\"has-text-align-left\" data-align=\"left\">8. vyu\u010dovac\u00ed lekce<\/td><\/tr><tr><td class=\"has-text-align-right\" data-align=\"right\">25. 11.<\/td><td class=\"has-text-align-left\" data-align=\"left\">9. vyu\u010dovac\u00ed lekce<\/td><\/tr><tr><td class=\"has-text-align-right\" data-align=\"right\">2. 12.<\/td><td class=\"has-text-align-left\" data-align=\"left\">10. vyu\u010dovac\u00ed lekce<\/td><\/tr><tr><td class=\"has-text-align-right\" data-align=\"right\"><strong><mark style=\"background-color:rgba(0, 0, 0, 0)\" class=\"has-inline-color has-vivid-red-color\">9. 12.<\/mark><\/strong><\/td><td class=\"has-text-align-left\" data-align=\"left\"><mark style=\"background-color:rgba(0, 0, 0, 0)\" class=\"has-inline-color has-vivid-red-color\"><strong>z\u00e1v\u011bre\u010dn\u00fd<\/strong><\/mark> <mark style=\"background-color:rgba(0, 0, 0, 0)\" class=\"has-inline-color has-vivid-red-color\"><strong>v\u011bne\u010dek<\/strong><\/mark><\/td><\/tr><\/tbody><\/table><\/figure>\n\n\n\n<div class=\"wp-block-buttons is-layout-flex wp-block-buttons-is-layout-flex\">\n<div class=\"wp-block-button\"><a class=\"wp-block-button__link wp-element-button\" href=\"http:\/\/starstep.cz\/?page_id=112\">P\u0159ihl\u00e1\u0161ka<\/a><\/div>\n<\/div>\n\n\n\n<p><\/p>\n\n\n\n<p><\/p>\n","protected":false},"excerpt":{"rendered":"<p>Tane\u010dn\u00ed \u0161kola Jany Fen\u010d\u00e1kov\u00e9 v\u00e1s srde\u010dn\u011b zve na \u0160koln\u00ed tane\u010dn\u00ed aneb kurz tance a spole\u010densk\u00e9ho chov\u00e1n\u00ed pro st\u0159edo\u0161kolskou ml\u00e1de\u017e. Kurzy za\u010d\u00ednaj\u00ed ve st\u0159edu 16. z\u00e1\u0159\u00ed 2026. M\u00edsto kon\u00e1n\u00ed: Velk\u00fd s\u00e1l v\u00edce\u00fa\u010delov\u00e9ho za\u0159\u00edzen\u00ed F\u00f3rum, Masarykovo n\u00e1m\u011bst\u00ed, T\u0159eb\u00ed\u010d. D\u016fle\u017eit\u00e9 term\u00edny: Term\u00edn Lekce 16. 9, 1. vyu\u010dovac\u00ed lekce 23. 9. 2. vyu\u010dovac\u00ed lekce 30. 9. 3. vyu\u010dovac\u00ed lekce [&hellip;]<\/p>\n","protected":false},"author":1,"featured_media":0,"parent":0,"menu_order":0,"comment_status":"closed","ping_status":"closed","template":"","meta":{"footnotes":""},"class_list":["post-92","page","type-page","status-publish","hentry","entry"],"_links":{"self":[{"href":"https:\/\/www.starstep.cz\/index.php?rest_route=\/wp\/v2\/pages\/92","targetHints":{"allow":["GET"]}}],"collection":[{"href":"https:\/\/www.starstep.cz\/index.php?rest_route=\/wp\/v2\/pages"}],"about":[{"href":"https:\/\/www.starstep.cz\/index.php?rest_route=\/wp\/v2\/types\/page"}],"author":[{"embeddable":true,"href":"https:\/\/www.starstep.cz\/index.php?rest_route=\/wp\/v2\/users\/1"}],"replies":[{"embeddable":true,"href":"https:\/\/www.starstep.cz\/index.php?rest_route=%2Fwp%2Fv2%2Fcomments&post=92"}],"version-history":[{"count":19,"href":"https:\/\/www.starstep.cz\/index.php?rest_route=\/wp\/v2\/pages\/92\/revisions"}],"predecessor-version":[{"id":1092,"href":"https:\/\/www.starstep.cz\/index.php?rest_route=\/wp\/v2\/pages\/92\/revisions\/1092"}],"wp:attachment":[{"href":"https:\/\/www.starstep.cz\/index.php?rest_route=%2Fwp%2Fv2%2Fmedia&parent=92"}],"curies":[{"name":"wp","href":"https:\/\/api.w.org\/{rel}","templated":true}]}}